{"id":6530,"date":"2024-10-31T13:31:59","date_gmt":"2024-10-31T12:31:59","guid":{"rendered":"https:\/\/gapa.cz\/?page_id=6530"},"modified":"2025-08-30T17:07:31","modified_gmt":"2025-08-30T15:07:31","slug":"rohoze-pro-rodinne-domy","status":"publish","type":"page","link":"https:\/\/www.gapa.cz\/hu\/rohoze-pro-rodinne-domy\/","title":{"rendered":"Sz\u0151nyegek csal\u00e1di h\u00e1zakhoz"},"content":{"rendered":"<div data-elementor-type=\"wp-page\" data-elementor-id=\"6530\" class=\"elementor elementor-6530\" data-elementor-post-type=\"page\">\n\t\t\t\t<div class=\"elementor-element elementor-element-3236266c e-flex e-con-boxed e-con e-parent\" data-id=\"3236266c\" data-element_type=\"container\" data-settings=\"{&quot;background_background&quot;:&quot;classic&quot;}\">\n\t\t\t\t\t<div class=\"e-con-inner\">\n\t\t\t\t<div class=\"elementor-element elementor-element-5821e6ee elementor-headline--style-highlight elementor-widget elementor-widget-animated-headline\" data-id=\"5821e6ee\" data-element_type=\"widget\" data-settings=\"{&quot;marker&quot;:&quot;underline&quot;,&quot;highlighted_text&quot;:&quot;Roho\\u017ee pro rodinn\\u00e9 domy&quot;,&quot;headline_style&quot;:&quot;highlight&quot;,&quot;highlight_animation_duration&quot;:1200}\" data-widget_type=\"animated-headline.default\">\n\t\t\t\t<div class=\"elementor-widget-container\">\n\t\t\t\t\t\t\t<h1 class=\"elementor-headline\">\n\t\t\t\t<span class=\"elementor-headline-dynamic-wrapper elementor-headline-text-wrapper\">\n\t\t\t\t\t<span class=\"elementor-headline-dynamic-text elementor-headline-text-active\">Sz\u0151nyegek csal\u00e1di h\u00e1zakhoz<\/span>\n\t\t\t\t<\/span>\n\t\t\t\t<\/h1>\n\t\t\t\t\t\t<\/div>\n\t\t\t\t<\/div>\n\t\t\t\t\t<\/div>\n\t\t\t\t<\/div>\n\t\t<div class=\"elementor-element elementor-element-719d6d3 e-flex e-con-boxed e-con e-parent\" data-id=\"719d6d3\" data-element_type=\"container\">\n\t\t\t\t\t<div class=\"e-con-inner\">\n\t\t\t\t<div class=\"elementor-element elementor-element-5d05f08 animated-slow elementor-invisible elementor-widget elementor-widget-text-editor\" data-id=\"5d05f08\" data-element_type=\"widget\" data-settings=\"{&quot;_animation&quot;:&quot;fadeIn&quot;}\" data-widget_type=\"text-editor.default\">\n\t\t\t\t<div class=\"elementor-widget-container\">\n\t\t\t\t\t\t\t\t\t<h2 style=\"text-align: center;\">Ez az oldal jelenleg csak cseh \u00e9s szlov\u00e1k nyelven \u00e9rhet\u0151 el. K\u00f6sz\u00f6nj\u00fck meg\u00e9rt\u00e9s\u00fcket<\/h2>\t\t\t\t\t\t\t\t<\/div>\n\t\t\t\t<\/div>\n\t\t\t\t\t<\/div>\n\t\t\t\t<\/div>\n\t\t\t\t<\/div>","protected":false},"excerpt":{"rendered":"<p>Roho\u017ee pro rodinn\u00e9 domy Vstupn\u00ed modulov\u00e9 roho\u017ee Vstupn\u00ed modulov\u00e9 roho\u017ee \u0159ady Topwell p\u0159edstavuj\u00ed efektivn\u00ed a kvalitn\u00ed \u0159e\u0161en\u00ed pro men\u0161\u00ed vstupn\u00ed prostory a jsou vhodn\u00e9 p\u0159edev\u0161\u00edm pro odstran\u011bn\u00ed hrub\u00fdch ne\u010distot. Nab\u00edz\u00edme mo\u017enost konfigurace v n\u011bkolika parametrech \u2013 rozm\u011bru (80\u00d760 nebo 60\u00d740 cm), v\u00fd\u0161ce (22 nebo 10 mm), barv\u011b v\u00fdpln\u011b (\u010dern\u00e1 nebo \u0161ed\u00e1) a zp\u016fsobu ulo\u017een\u00ed (s [&hellip;]<\/p>","protected":false},"author":2,"featured_media":6535,"parent":0,"menu_order":0,"comment_status":"closed","ping_status":"closed","template":"","meta":{"inline_featured_image":false,"footnotes":""},"class_list":["post-6530","page","type-page","status-publish","has-post-thumbnail","hentry"],"_links":{"self":[{"href":"https:\/\/www.gapa.cz\/hu\/wp-json\/wp\/v2\/pages\/6530","targetHints":{"allow":["GET"]}}],"collection":[{"href":"https:\/\/www.gapa.cz\/hu\/wp-json\/wp\/v2\/pages"}],"about":[{"href":"https:\/\/www.gapa.cz\/hu\/wp-json\/wp\/v2\/types\/page"}],"author":[{"embeddable":true,"href":"https:\/\/www.gapa.cz\/hu\/wp-json\/wp\/v2\/users\/2"}],"replies":[{"embeddable":true,"href":"https:\/\/www.gapa.cz\/hu\/wp-json\/wp\/v2\/comments?post=6530"}],"version-history":[{"count":148,"href":"https:\/\/www.gapa.cz\/hu\/wp-json\/wp\/v2\/pages\/6530\/revisions"}],"predecessor-version":[{"id":8317,"href":"https:\/\/www.gapa.cz\/hu\/wp-json\/wp\/v2\/pages\/6530\/revisions\/8317"}],"wp:featuredmedia":[{"embeddable":true,"href":"https:\/\/www.gapa.cz\/hu\/wp-json\/wp\/v2\/media\/6535"}],"wp:attachment":[{"href":"https:\/\/www.gapa.cz\/hu\/wp-json\/wp\/v2\/media?parent=6530"}],"curies":[{"name":"wp","href":"https:\/\/api.w.org\/{rel}","templated":true}]}}