{"id":561,"date":"2024-02-06T11:46:28","date_gmt":"2024-02-06T10:46:28","guid":{"rendered":"https:\/\/gapa.cz\/?page_id=561"},"modified":"2026-04-10T12:41:47","modified_gmt":"2026-04-10T10:41:47","slug":"kontakty","status":"publish","type":"page","link":"https:\/\/www.gapa.cz\/hu\/kontakty\/","title":{"rendered":"Kapcsolat"},"content":{"rendered":"<div data-elementor-type=\"wp-page\" data-elementor-id=\"561\" class=\"elementor elementor-561\" data-elementor-post-type=\"page\">\n\t\t\t\t<div class=\"elementor-element elementor-element-3f7ed805 e-flex e-con-boxed e-con e-parent\" data-id=\"3f7ed805\" data-element_type=\"container\" data-settings=\"{&quot;background_background&quot;:&quot;classic&quot;}\">\n\t\t\t\t\t<div class=\"e-con-inner\">\n\t\t\t\t<div class=\"elementor-element elementor-element-6fe1b4a8 elementor-headline--style-highlight elementor-invisible elementor-widget elementor-widget-animated-headline\" data-id=\"6fe1b4a8\" data-element_type=\"widget\" data-settings=\"{&quot;marker&quot;:&quot;underline&quot;,&quot;highlighted_text&quot;:&quot;Kontakty&quot;,&quot;_animation&quot;:&quot;fadeIn&quot;,&quot;headline_style&quot;:&quot;highlight&quot;,&quot;highlight_animation_duration&quot;:1200}\" data-widget_type=\"animated-headline.default\">\n\t\t\t\t<div class=\"elementor-widget-container\">\n\t\t\t\t\t\t\t<h1 class=\"elementor-headline\">\n\t\t\t\t<span class=\"elementor-headline-dynamic-wrapper elementor-headline-text-wrapper\">\n\t\t\t\t\t<span class=\"elementor-headline-dynamic-text elementor-headline-text-active\">Kapcsolat<\/span>\n\t\t\t\t<\/span>\n\t\t\t\t<\/h1>\n\t\t\t\t\t\t<\/div>\n\t\t\t\t<\/div>\n\t\t\t\t\t<\/div>\n\t\t\t\t<\/div>\n\t\t<div class=\"elementor-element elementor-element-b43f85f e-flex e-con-boxed e-con e-parent\" data-id=\"b43f85f\" data-element_type=\"container\">\n\t\t\t\t\t<div class=\"e-con-inner\">\n\t\t<div class=\"elementor-element elementor-element-569551d e-flex e-con-boxed elementor-invisible e-con e-child\" data-id=\"569551d\" data-element_type=\"container\" data-settings=\"{&quot;animation&quot;:&quot;fadeIn&quot;}\">\n\t\t\t\t\t<div class=\"e-con-inner\">\n\t\t\t\t<div class=\"elementor-element elementor-element-1e21f09 elementor-widget elementor-widget-html\" data-id=\"1e21f09\" data-element_type=\"widget\" data-widget_type=\"html.default\">\n\t\t\t\t<div class=\"elementor-widget-container\">\n\t\t\t\t\t<h2>c\u00e9gk\u00f6zpont<\/h2>\n<strong>GAPA MB, s.r.o.<\/strong><br>\nSvatov\u00edtsk\u00e1 217, 293 01 Mlad\u00e1 Boleslav, Cseh K\u00f6zt\u00e1rsas\u00e1g<br><br>\n<b><\/b><br>\ntel. +420 724 317 432<br><b><\/b>\n<br><br>\n<b><\/b><br>\n<b><\/b><br>\n<b><\/b><br><br>\t\t\t\t<\/div>\n\t\t\t\t<\/div>\n\t\t\t\t<div class=\"elementor-element elementor-element-350f2c0 elementor-widget elementor-widget-text-editor\" data-id=\"350f2c0\" data-element_type=\"widget\" data-widget_type=\"text-editor.default\">\n\t\t\t\t<div class=\"elementor-widget-container\">\n\t\t\t\t\t\t\t\t\t<p><strong>ID: <\/strong>40767795<br \/><strong>TIN:\u00a0<\/strong>CZ40767795<\/p>\t\t\t\t\t\t\t\t<\/div>\n\t\t\t\t<\/div>\n\t\t\t\t\t<\/div>\n\t\t\t\t<\/div>\n\t\t<div class=\"elementor-element elementor-element-1b87c6e e-flex e-con-boxed elementor-invisible e-con e-child\" data-id=\"1b87c6e\" data-element_type=\"container\" data-settings=\"{&quot;animation&quot;:&quot;fadeIn&quot;}\">\n\t\t\t\t\t<div class=\"e-con-inner\">\n\t\t\t\t<div class=\"elementor-element elementor-element-62d953e elementor-widget elementor-widget-text-editor\" data-id=\"62d953e\" data-element_type=\"widget\" data-widget_type=\"text-editor.default\">\n\t\t\t\t<div class=\"elementor-widget-container\">\n\t\t\t\t\t\t\t\t\t<h2><b><\/b><\/h2><p><b><\/b><\/p><p class=\"translation-block\"><b><\/b><\/p><p><span> <\/span><\/p><h2><span> <\/span><\/h2><p><span> <\/span><\/p><p><b><\/b><\/p><p><b><\/b><br \/><b><\/b><\/p><p>\u00a0<\/p>\t\t\t\t\t\t\t\t<\/div>\n\t\t\t\t<\/div>\n\t\t\t\t\t<\/div>\n\t\t\t\t<\/div>\n\t\t\t\t\t<\/div>\n\t\t\t\t<\/div>\n\t\t<div class=\"elementor-element elementor-element-363601b e-flex e-con-boxed elementor-invisible e-con e-parent\" data-id=\"363601b\" data-element_type=\"container\" data-settings=\"{&quot;animation&quot;:&quot;fadeIn&quot;}\">\n\t\t\t\t\t<div class=\"e-con-inner\">\n\t\t\t\t<div class=\"elementor-element elementor-element-bd78791 elementor-widget elementor-widget-heading\" data-id=\"bd78791\" data-element_type=\"widget\" data-widget_type=\"heading.default\">\n\t\t\t\t<div class=\"elementor-widget-container\">\n\t\t\t\t\t<h2 class=\"elementor-heading-title elementor-size-default\">C\u00e9g\u00fcnk \u00e9rt\u00e9kes\u00edt\u00e9si k\u00e9pvisel\u0151i<\/h2>\t\t\t\t<\/div>\n\t\t\t\t<\/div>\n\t\t\t\t\t<\/div>\n\t\t\t\t<\/div>\n\t\t<div class=\"elementor-element elementor-element-16123fb e-flex e-con-boxed elementor-invisible e-con e-parent\" data-id=\"16123fb\" data-element_type=\"container\" data-settings=\"{&quot;animation&quot;:&quot;fadeIn&quot;}\">\n\t\t\t\t\t<div class=\"e-con-inner\">\n\t\t\t\t<div class=\"elementor-element elementor-element-2199018 elementor-widget elementor-widget-image\" data-id=\"2199018\" data-element_type=\"widget\" data-widget_type=\"image.default\">\n\t\t\t\t<div class=\"elementor-widget-container\">\n\t\t\t\t\t\t\t\t\t\t\t\t\t\t\t<img fetchpriority=\"high\" decoding=\"async\" width=\"800\" height=\"413\" src=\"https:\/\/www.gapa.cz\/wp-content\/uploads\/2024\/05\/GAPAteam-scaled-1024x528.jpg\" class=\"attachment-large size-large wp-image-2419\" alt=\"\" srcset=\"https:\/\/www.gapa.cz\/wp-content\/uploads\/2024\/05\/GAPAteam-scaled-1024x528.jpg 1024w, https:\/\/www.gapa.cz\/wp-content\/uploads\/2024\/05\/GAPAteam-scaled-300x155.jpg 300w, https:\/\/www.gapa.cz\/wp-content\/uploads\/2024\/05\/GAPAteam-scaled-768x396.jpg 768w, https:\/\/www.gapa.cz\/wp-content\/uploads\/2024\/05\/GAPAteam-scaled-1536x793.jpg 1536w, https:\/\/www.gapa.cz\/wp-content\/uploads\/2024\/05\/GAPAteam-scaled-2048x1057.jpg 2048w, https:\/\/www.gapa.cz\/wp-content\/uploads\/2024\/05\/GAPAteam-scaled-18x9.jpg 18w\" sizes=\"(max-width: 800px) 100vw, 800px\" \/>\t\t\t\t\t\t\t\t\t\t\t\t\t\t\t<\/div>\n\t\t\t\t<\/div>\n\t\t\t\t\t<\/div>\n\t\t\t\t<\/div>\n\t\t\t\t<\/div>","protected":false},"excerpt":{"rendered":"<p>Kontakty S\u00eddlo firmy GAPA MB, s.r.o. Svatov\u00edtsk\u00e1 217, 293 01 Mlad\u00e1 Boleslav, \u010cesk\u00e1 republika Roman Nazad tel.: +420 602 627 680Email: vyroba@gapa.cz tel.: +420 725 730 131 tel.: +420 326 735 428 tel.: +420 326 320 927 I\u010cO: 40767795DI\u010c:\u00a0CZ40767795 Pobo\u010dka Brno Kom\u00e1rovsk\u00e1 466\/16, 617 00 Brno, \u010cesk\u00e1 republika tel.: +420 545 214 277tel.: +420 725 [&hellip;]<\/p>","protected":false},"author":1,"featured_media":0,"parent":0,"menu_order":0,"comment_status":"closed","ping_status":"closed","template":"","meta":{"inline_featured_image":false,"footnotes":""},"class_list":["post-561","page","type-page","status-publish","hentry"],"_links":{"self":[{"href":"https:\/\/www.gapa.cz\/hu\/wp-json\/wp\/v2\/pages\/561","targetHints":{"allow":["GET"]}}],"collection":[{"href":"https:\/\/www.gapa.cz\/hu\/wp-json\/wp\/v2\/pages"}],"about":[{"href":"https:\/\/www.gapa.cz\/hu\/wp-json\/wp\/v2\/types\/page"}],"author":[{"embeddable":true,"href":"https:\/\/www.gapa.cz\/hu\/wp-json\/wp\/v2\/users\/1"}],"replies":[{"embeddable":true,"href":"https:\/\/www.gapa.cz\/hu\/wp-json\/wp\/v2\/comments?post=561"}],"version-history":[{"count":190,"href":"https:\/\/www.gapa.cz\/hu\/wp-json\/wp\/v2\/pages\/561\/revisions"}],"predecessor-version":[{"id":11123,"href":"https:\/\/www.gapa.cz\/hu\/wp-json\/wp\/v2\/pages\/561\/revisions\/11123"}],"wp:attachment":[{"href":"https:\/\/www.gapa.cz\/hu\/wp-json\/wp\/v2\/media?parent=561"}],"curies":[{"name":"wp","href":"https:\/\/api.w.org\/{rel}","templated":true}]}}