{"id":551,"date":"2024-02-06T11:45:09","date_gmt":"2024-02-06T10:45:09","guid":{"rendered":"https:\/\/gapa.cz\/?page_id=551"},"modified":"2026-02-18T15:30:54","modified_gmt":"2026-02-18T14:30:54","slug":"o-firme","status":"publish","type":"page","link":"https:\/\/www.gapa.cz\/hu\/o-firme\/","title":{"rendered":"A v\u00e1llalatr\u00f3l"},"content":{"rendered":"<div data-elementor-type=\"wp-page\" data-elementor-id=\"551\" class=\"elementor elementor-551\" data-elementor-post-type=\"page\">\n\t\t\t\t<div class=\"elementor-element elementor-element-0d8dce6 e-flex e-con-boxed e-con e-parent\" data-id=\"0d8dce6\" data-element_type=\"container\" data-settings=\"{&quot;background_background&quot;:&quot;classic&quot;}\">\n\t\t\t\t\t<div class=\"e-con-inner\">\n\t\t\t\t<div class=\"elementor-element elementor-element-299a71f elementor-headline--style-highlight elementor-invisible elementor-widget elementor-widget-animated-headline\" data-id=\"299a71f\" data-element_type=\"widget\" data-settings=\"{&quot;marker&quot;:&quot;underline&quot;,&quot;highlighted_text&quot;:&quot;firm\\u011b&quot;,&quot;_animation&quot;:&quot;fadeIn&quot;,&quot;headline_style&quot;:&quot;highlight&quot;,&quot;highlight_animation_duration&quot;:1200}\" data-widget_type=\"animated-headline.default\">\n\t\t\t\t<div class=\"elementor-widget-container\">\n\t\t\t\t\t\t\t<h1 class=\"elementor-headline\">\n\t\t\t\t\t<span class=\"elementor-headline-plain-text elementor-headline-text-wrapper\">O<\/span>\n\t\t\t\t<span class=\"elementor-headline-dynamic-wrapper elementor-headline-text-wrapper\">\n\t\t\t\t\t<span class=\"elementor-headline-dynamic-text elementor-headline-text-active\">a  c\u00edmre.<\/span>\n\t\t\t\t<\/span>\n\t\t\t\t<\/h1>\n\t\t\t\t\t\t<\/div>\n\t\t\t\t<\/div>\n\t\t\t\t\t<\/div>\n\t\t\t\t<\/div>\n\t\t<div class=\"elementor-element elementor-element-a521277 e-flex e-con-boxed elementor-invisible e-con e-parent\" data-id=\"a521277\" data-element_type=\"container\" data-settings=\"{&quot;animation&quot;:&quot;fadeIn&quot;}\">\n\t\t\t\t\t<div class=\"e-con-inner\">\n\t\t<div class=\"elementor-element elementor-element-1bbaa1d e-flex e-con-boxed e-con e-child\" data-id=\"1bbaa1d\" data-element_type=\"container\">\n\t\t\t\t\t<div class=\"e-con-inner\">\n\t\t\t\t<div class=\"elementor-element elementor-element-705f7bb elementor-widget elementor-widget-heading\" data-id=\"705f7bb\" data-element_type=\"widget\" data-widget_type=\"heading.default\">\n\t\t\t\t<div class=\"elementor-widget-container\">\n\t\t\t\t\t<h2 class=\"elementor-heading-title elementor-size-default\">A v\u00e1llalat t\u00f6rt\u00e9nete<\/h2>\t\t\t\t<\/div>\n\t\t\t\t<\/div>\n\t\t\t\t<div class=\"elementor-element elementor-element-9ccb90c elementor-widget elementor-widget-text-editor\" data-id=\"9ccb90c\" data-element_type=\"widget\" data-widget_type=\"text-editor.default\">\n\t\t\t\t<div class=\"elementor-widget-container\">\n\t\t\t\t\t\t\t\t\t<p style=\"text-align: left;\">A Pavel Gabriel tulajdonos \u00e1ltal 1992-ben alap\u00edtott GAPA MB s.r.o. kezdett\u0151l fogva l\u00e1bt\u00f6rl\u0151k, szennyfog\u00f3k \u00e9s sz\u0151nyegek gy\u00e1rt\u00e1s\u00e1val \u00e9s \u00e9rt\u00e9kes\u00edt\u00e9s\u00e9vel foglalkozik. A tev\u00e9kenys\u00e9g\u00e9t k\u00e9tf\u00e9le szennyfog\u00f3 fejleszt\u00e9s\u00e9vel kezdte meg: az 1. szennyfog\u00f3 z\u00f3nak\u00e9nt szolg\u00e1l\u00f3 Openwell sz\u0151nyeg a durva szennyez\u0151d\u00e9s elt\u00e1vol\u00edt\u00e1s\u00e1ra, illetve a 2. z\u00f3nak\u00e9n szolg\u00e1l\u00f3 Shatwell sz\u0151nyeg a finom szennyez\u0151d\u00e9s elt\u00e1vol\u00edt\u00e1s\u00e1ra. Min\u0151s\u00e9g\u00fck pedig el\u00e9rte az eur\u00f3pai sz\u00ednvonalat. A c\u00e9g fejl\u0151d\u00e9s\u00e9vel annak portf\u00f3li\u00f3ja is jelent\u0151sen b\u0151v\u00fclt, \u00edgy ma m\u00e1r t\u00f6bb mint nyolcvan t\u00edpus\u00fa szennyfog\u00f3 \u00e9s kieg\u00e9sz\u00edt\u0151 szerepel a k\u00edn\u00e1latunkban, k\u00f6zt\u00fck p\u00e9ld\u00e1ul bel\u00e9p\u0151 szennyfog\u00f3k, textil, medence \u00e9s ipari sz\u0151nyegek, elfoly\u00f3 boxok, log\u00f3val ell\u00e1tott sz\u0151nyegek, l\u00e9pcs\u0151l\u00e9cek, stb.<\/p><p style=\"text-align: left;\">Ma m\u00e1r szinte b\u00e1rhol tal\u00e1lkozhat a GAPA MB, s.r.o. t\u00e1rsas\u00e1g sz\u0151nyegeivel. Term\u00e9keinket a megrendel\u0151 k\u00edv\u00e1ns\u00e1ga alapj\u00e1n gy\u00e1rtjuk, akik k\u00f6z\u00f6tt nagybani \u00e1tvev\u0151k \u00e9s mag\u00e1nszem\u00e9lyek egyar\u00e1nt megtal\u00e1lhat\u00f3k. C\u00e9g\u00fcnk 1996 \u00f3ta Nyugat- \u00e9s Kelet-Eur\u00f3p\u00e1ba is export\u00e1l.<\/p>\t\t\t\t\t\t\t\t<\/div>\n\t\t\t\t<\/div>\n\t\t\t\t<div class=\"elementor-element elementor-element-3d202fe elementor-widget-tablet__width-inherit elementor-widget elementor-widget-image\" data-id=\"3d202fe\" data-element_type=\"widget\" data-widget_type=\"image.default\">\n\t\t\t\t<div class=\"elementor-widget-container\">\n\t\t\t\t\t\t\t\t\t\t\t\t\t\t\t<img decoding=\"async\" src=\"https:\/\/gapa.cz\/wp-content\/uploads\/2024\/09\/gapa_zasmuky_small.png\" title=\"\" alt=\"GAPA Z\u00e1smuky\" loading=\"lazy\" \/>\t\t\t\t\t\t\t\t\t\t\t\t\t\t\t<\/div>\n\t\t\t\t<\/div>\n\t\t\t\t\t<\/div>\n\t\t\t\t<\/div>\n\t\t\t\t\t<\/div>\n\t\t\t\t<\/div>\n\t\t\t\t<\/div>","protected":false},"excerpt":{"rendered":"<p>O firm\u011b Historie spole\u010dnosti Spole\u010dnost GAPA MB, s.r.o. se od sv\u00e9ho zalo\u017een\u00ed v roce 1992 majitelem Ing. Pavlem Gabrielem zab\u00fdv\u00e1 v\u00fdrobou a prodejem roho\u017e\u00ed i \u010distic\u00edch z\u00f3n. Svou \u010dinnost zah\u00e1jila v\u00fdvojem dvou typ\u016f roho\u017e\u00ed \u2013 roho\u017ee Openwell jako 1. \u010distic\u00ed z\u00f3nu na hrubou ne\u010distotu a roho\u017ee Shatwell jako 2. \u010distic\u00ed z\u00f3nu na jemnou ne\u010distotu. Tyto [&hellip;]<\/p>","protected":false},"author":1,"featured_media":0,"parent":0,"menu_order":0,"comment_status":"closed","ping_status":"closed","template":"elementor_header_footer","meta":{"inline_featured_image":false,"footnotes":""},"class_list":["post-551","page","type-page","status-publish","hentry"],"_links":{"self":[{"href":"https:\/\/www.gapa.cz\/hu\/wp-json\/wp\/v2\/pages\/551","targetHints":{"allow":["GET"]}}],"collection":[{"href":"https:\/\/www.gapa.cz\/hu\/wp-json\/wp\/v2\/pages"}],"about":[{"href":"https:\/\/www.gapa.cz\/hu\/wp-json\/wp\/v2\/types\/page"}],"author":[{"embeddable":true,"href":"https:\/\/www.gapa.cz\/hu\/wp-json\/wp\/v2\/users\/1"}],"replies":[{"embeddable":true,"href":"https:\/\/www.gapa.cz\/hu\/wp-json\/wp\/v2\/comments?post=551"}],"version-history":[{"count":73,"href":"https:\/\/www.gapa.cz\/hu\/wp-json\/wp\/v2\/pages\/551\/revisions"}],"predecessor-version":[{"id":10971,"href":"https:\/\/www.gapa.cz\/hu\/wp-json\/wp\/v2\/pages\/551\/revisions\/10971"}],"wp:attachment":[{"href":"https:\/\/www.gapa.cz\/hu\/wp-json\/wp\/v2\/media?parent=551"}],"curies":[{"name":"wp","href":"https:\/\/api.w.org\/{rel}","templated":true}]}}