{"id":2682,"date":"2024-05-05T21:39:30","date_gmt":"2024-05-05T19:39:30","guid":{"rendered":"https:\/\/gapa.cz\/?page_id=2682"},"modified":"2025-11-13T09:31:49","modified_gmt":"2025-11-13T08:31:49","slug":"stavebni-ulozeni","status":"publish","type":"page","link":"https:\/\/www.gapa.cz\/hu\/stavebni-ulozeni\/","title":{"rendered":"\u00c9p\u00edt\u00e9si illeszked\u00e9s"},"content":{"rendered":"<div data-elementor-type=\"wp-page\" data-elementor-id=\"2682\" class=\"elementor elementor-2682\" data-elementor-post-type=\"page\">\n\t\t\t\t<div class=\"elementor-element elementor-element-3236266c e-flex e-con-boxed e-con e-parent\" data-id=\"3236266c\" data-element_type=\"container\" data-settings=\"{&quot;background_background&quot;:&quot;classic&quot;}\">\n\t\t\t\t\t<div class=\"e-con-inner\">\n\t\t\t\t<div class=\"elementor-element elementor-element-5821e6ee elementor-headline--style-highlight elementor-invisible elementor-widget elementor-widget-animated-headline\" data-id=\"5821e6ee\" data-element_type=\"widget\" data-settings=\"{&quot;marker&quot;:&quot;underline&quot;,&quot;highlighted_text&quot;:&quot;Stavebn\\u00ed ulo\\u017een\\u00ed&quot;,&quot;_animation&quot;:&quot;fadeIn&quot;,&quot;headline_style&quot;:&quot;highlight&quot;,&quot;highlight_animation_duration&quot;:1200}\" data-widget_type=\"animated-headline.default\">\n\t\t\t\t<div class=\"elementor-widget-container\">\n\t\t\t\t\t\t\t<h1 class=\"elementor-headline\">\n\t\t\t\t<span class=\"elementor-headline-dynamic-wrapper elementor-headline-text-wrapper\">\n\t\t\t\t\t<span class=\"elementor-headline-dynamic-text elementor-headline-text-active\">\u00c9p\u00edt\u00e9si illeszked\u00e9s<\/span>\n\t\t\t\t<\/span>\n\t\t\t\t<\/h1>\n\t\t\t\t\t\t<\/div>\n\t\t\t\t<\/div>\n\t\t\t\t\t<\/div>\n\t\t\t\t<\/div>\n\t\t<div class=\"elementor-element elementor-element-dedc220 e-flex e-con-boxed elementor-invisible e-con e-parent\" data-id=\"dedc220\" data-element_type=\"container\" data-settings=\"{&quot;animation&quot;:&quot;fadeIn&quot;}\">\n\t\t\t\t\t<div class=\"e-con-inner\">\n\t\t<div class=\"elementor-element elementor-element-0fef35d e-flex e-con-boxed e-con e-child\" data-id=\"0fef35d\" data-element_type=\"container\">\n\t\t\t\t\t<div class=\"e-con-inner\">\n\t\t\t\t<div class=\"elementor-element elementor-element-5698802 elementor-widget elementor-widget-heading\" data-id=\"5698802\" data-element_type=\"widget\" data-widget_type=\"heading.default\">\n\t\t\t\t<div class=\"elementor-widget-container\">\n\t\t\t\t\t<h2 class=\"elementor-heading-title elementor-size-default\">\u00c1ll\u00edthat\u00f3 magass\u00e1g\u00fa szerkezet<\/h2>\t\t\t\t<\/div>\n\t\t\t\t<\/div>\n\t\t\t\t<div class=\"elementor-element elementor-element-c9ee2e6 elementor-widget elementor-widget-text-editor\" data-id=\"c9ee2e6\" data-element_type=\"widget\" data-widget_type=\"text-editor.default\">\n\t\t\t\t<div class=\"elementor-widget-container\">\n\t\t\t\t\t\t\t\t\t<p>sz\u0151nyeg \/ horganyzott r\u00e1cs \/ \u00e1ll\u00edthat\u00f3 magass\u00e1g\u00fa szerkezet - horganyzott<\/p>\t\t\t\t\t\t\t\t<\/div>\n\t\t\t\t<\/div>\n\t\t<div class=\"elementor-element elementor-element-4ebc633 e-con-full e-flex e-con e-child\" data-id=\"4ebc633\" data-element_type=\"container\">\n\t\t\t\t<div class=\"elementor-element elementor-element-5726fc2 elementor-widget__width-initial elementor-widget elementor-widget-text-editor\" data-id=\"5726fc2\" data-element_type=\"widget\" data-widget_type=\"text-editor.default\">\n\t\t\t\t<div class=\"elementor-widget-container\">\n\t\t\t\t\t\t\t\t\t<img decoding=\"async\" src=\"https:\/\/www.gapa.cz\/images\/hu\/Rohoze_cistici_zony_1-scaled.jpg\" alt=\"Z\u00f3ny\" height=\"100px\" \/>\t\t\t\t\t\t\t\t<\/div>\n\t\t\t\t<\/div>\n\t\t\t\t<div class=\"elementor-element elementor-element-856f955 elementor-widget__width-initial elementor-widget elementor-widget-image\" data-id=\"856f955\" data-element_type=\"widget\" data-widget_type=\"image.default\">\n\t\t\t\t<div class=\"elementor-widget-container\">\n\t\t\t\t\t\t\t\t\t\t\t\t\t\t\t<img fetchpriority=\"high\" decoding=\"async\" width=\"800\" height=\"534\" src=\"https:\/\/www.gapa.cz\/wp-content\/uploads\/2024\/05\/vyskove-stavitelna-konstrukce-scaled-1024x683.jpg\" class=\"attachment-large size-large wp-image-2684\" alt=\"\" srcset=\"https:\/\/www.gapa.cz\/wp-content\/uploads\/2024\/05\/vyskove-stavitelna-konstrukce-scaled-1024x683.jpg 1024w, https:\/\/www.gapa.cz\/wp-content\/uploads\/2024\/05\/vyskove-stavitelna-konstrukce-scaled-300x200.jpg 300w, https:\/\/www.gapa.cz\/wp-content\/uploads\/2024\/05\/vyskove-stavitelna-konstrukce-scaled-768x512.jpg 768w, https:\/\/www.gapa.cz\/wp-content\/uploads\/2024\/05\/vyskove-stavitelna-konstrukce-scaled-1536x1024.jpg 1536w, https:\/\/www.gapa.cz\/wp-content\/uploads\/2024\/05\/vyskove-stavitelna-konstrukce-scaled-2048x1366.jpg 2048w, https:\/\/www.gapa.cz\/wp-content\/uploads\/2024\/05\/vyskove-stavitelna-konstrukce-scaled-18x12.jpg 18w\" sizes=\"(max-width: 800px) 100vw, 800px\" \/>\t\t\t\t\t\t\t\t\t\t\t\t\t\t\t<\/div>\n\t\t\t\t<\/div>\n\t\t\t\t<\/div>\n\t\t\t\t\t<\/div>\n\t\t\t\t<\/div>\n\t\t\t\t\t<\/div>\n\t\t\t\t<\/div>\n\t\t<div class=\"elementor-element elementor-element-f2d47b4 e-flex e-con-boxed elementor-invisible e-con e-parent\" data-id=\"f2d47b4\" data-element_type=\"container\" data-settings=\"{&quot;animation&quot;:&quot;fadeIn&quot;}\">\n\t\t\t\t\t<div class=\"e-con-inner\">\n\t\t<div class=\"elementor-element elementor-element-12ff80f e-flex e-con-boxed e-con e-child\" data-id=\"12ff80f\" data-element_type=\"container\">\n\t\t\t\t\t<div class=\"e-con-inner\">\n\t\t\t\t<div class=\"elementor-element elementor-element-5871617 elementor-widget elementor-widget-heading\" data-id=\"5871617\" data-element_type=\"widget\" data-widget_type=\"heading.default\">\n\t\t\t\t<div class=\"elementor-widget-container\">\n\t\t\t\t\t<h2 class=\"elementor-heading-title elementor-size-default\">Tart\u00f3szerkezet<\/h2>\t\t\t\t<\/div>\n\t\t\t\t<\/div>\n\t\t\t\t<div class=\"elementor-element elementor-element-d5762f3 elementor-widget elementor-widget-text-editor\" data-id=\"d5762f3\" data-element_type=\"widget\" data-widget_type=\"text-editor.default\">\n\t\t\t\t<div class=\"elementor-widget-container\">\n\t\t\t\t\t\t\t\t\t<p>sz\u0151nyeg \/ tart\u00f3szerkezet -horganyzott<\/p>\t\t\t\t\t\t\t\t<\/div>\n\t\t\t\t<\/div>\n\t\t<div class=\"elementor-element elementor-element-aced324 e-con-full e-flex e-con e-child\" data-id=\"aced324\" data-element_type=\"container\">\n\t\t\t\t<div class=\"elementor-element elementor-element-5204583 elementor-widget__width-initial elementor-widget elementor-widget-text-editor\" data-id=\"5204583\" data-element_type=\"widget\" data-widget_type=\"text-editor.default\">\n\t\t\t\t<div class=\"elementor-widget-container\">\n\t\t\t\t\t\t\t\t\t<img decoding=\"async\" src=\"https:\/\/www.gapa.cz\/images\/hu\/Rohoze_cistici_zony_2.png\" alt=\"Z\u00f3ny\" \/>\t\t\t\t\t\t\t\t<\/div>\n\t\t\t\t<\/div>\n\t\t\t\t<div class=\"elementor-element elementor-element-f154046 elementor-widget__width-initial elementor-widget elementor-widget-image\" data-id=\"f154046\" data-element_type=\"widget\" data-widget_type=\"image.default\">\n\t\t\t\t<div class=\"elementor-widget-container\">\n\t\t\t\t\t\t\t\t\t\t\t\t\t\t\t<img decoding=\"async\" width=\"800\" height=\"534\" src=\"https:\/\/www.gapa.cz\/wp-content\/uploads\/2024\/05\/nosna-konstrukce-scaled-1024x683.jpg\" class=\"attachment-large size-large wp-image-2686\" alt=\"\" srcset=\"https:\/\/www.gapa.cz\/wp-content\/uploads\/2024\/05\/nosna-konstrukce-scaled-1024x683.jpg 1024w, https:\/\/www.gapa.cz\/wp-content\/uploads\/2024\/05\/nosna-konstrukce-scaled-300x200.jpg 300w, https:\/\/www.gapa.cz\/wp-content\/uploads\/2024\/05\/nosna-konstrukce-scaled-768x512.jpg 768w, https:\/\/www.gapa.cz\/wp-content\/uploads\/2024\/05\/nosna-konstrukce-scaled-1536x1024.jpg 1536w, https:\/\/www.gapa.cz\/wp-content\/uploads\/2024\/05\/nosna-konstrukce-scaled-2048x1366.jpg 2048w, https:\/\/www.gapa.cz\/wp-content\/uploads\/2024\/05\/nosna-konstrukce-scaled-18x12.jpg 18w\" sizes=\"(max-width: 800px) 100vw, 800px\" \/>\t\t\t\t\t\t\t\t\t\t\t\t\t\t\t<\/div>\n\t\t\t\t<\/div>\n\t\t\t\t<\/div>\n\t\t\t\t\t<\/div>\n\t\t\t\t<\/div>\n\t\t\t\t\t<\/div>\n\t\t\t\t<\/div>\n\t\t<div class=\"elementor-element elementor-element-2c96694 e-flex e-con-boxed elementor-invisible e-con e-parent\" data-id=\"2c96694\" data-element_type=\"container\" data-settings=\"{&quot;animation&quot;:&quot;fadeIn&quot;}\">\n\t\t\t\t\t<div class=\"e-con-inner\">\n\t\t<div class=\"elementor-element elementor-element-df1a0d6 e-flex e-con-boxed e-con e-child\" data-id=\"df1a0d6\" data-element_type=\"container\">\n\t\t\t\t\t<div class=\"e-con-inner\">\n\t\t\t\t<div class=\"elementor-element elementor-element-832f2ce elementor-widget elementor-widget-heading\" data-id=\"832f2ce\" data-element_type=\"widget\" data-widget_type=\"heading.default\">\n\t\t\t\t<div class=\"elementor-widget-container\">\n\t\t\t\t\t<h2 class=\"elementor-heading-title elementor-size-default\">Rozsdamentes k\u00e1d<\/h2>\t\t\t\t<\/div>\n\t\t\t\t<\/div>\n\t\t<div class=\"elementor-element elementor-element-f58e1c1 e-flex e-con-boxed e-con e-child\" data-id=\"f58e1c1\" data-element_type=\"container\">\n\t\t\t\t\t<div class=\"e-con-inner\">\n\t\t<div class=\"elementor-element elementor-element-0d36c42 e-con-full e-flex e-con e-child\" data-id=\"0d36c42\" data-element_type=\"container\">\n\t\t\t\t<div class=\"elementor-element elementor-element-afef41e elementor-widget elementor-widget-text-editor\" data-id=\"afef41e\" data-element_type=\"widget\" data-widget_type=\"text-editor.default\">\n\t\t\t\t<div class=\"elementor-widget-container\">\n\t\t\t\t\t\t\t\t\t<p>A ROZSDAMENTES K\u00c1D az \u00f6sszes sz\u0151nyegt\u00edpus elhelyez\u00e9s\u00e9re szolg\u00e1l a csal\u00e1di h\u00e1zak, adminisztrat\u00edv \u00e9p\u00fcletek, hotelek, \u00e9ttermek, bev\u00e1s\u00e1rl\u00f3 k\u00f6zpontok \u00e9s kis boltok el\u00e9. A haszn\u00e1lat\u00e1val eleg\u00e1nsan s\u00fcllyeszthet\u0151k a padl\u00f3szintbe nemcsak a k\u00fclt\u00e9ri szennyfog\u00f3k, amelyek ezen fel\u00fcl \u00e1ll\u00edthat\u00f3 magass\u00e1g\u00fa rozsdamentes szerkezetbe is behelyezhet\u0151k, hanem a belt\u00e9ri textil szennyfog\u00f3 sz\u0151nyegek is. A rozsdamentes k\u00e1d 2 mm vastag rozsdamenetes ac\u00e9llemezb\u0151l k\u00e9sz\u00fclt.<\/p><p><span style=\"font-weight: 400;\">A rozsdamentes ac\u00e9l k\u00e1d v\u00edzelvezet\u0151 rendszerhez vagy a csatorn\u00e1hoz csatlakoztathat\u00f3. Lehet\u0151s\u00e9get k\u00edn\u00e1lunk lyuk kif\u00far\u00e1s\u00e1ra a k\u00e1d alj\u00e1n, illetve csatlakoz\u00f3elem is k\u00e9rhet\u0151. Rozsdamentes ac\u00e9l csonkok \u00e1llnak rendelkez\u00e9sre 30\u201350 mm, illetve 51\u2013110 mm \u00e1tm\u00e9r\u0151vel.<\/span><\/p><p>sz\u0151nyeg \/ rozsdamentes tart\u00f3szerkezet \/ rozsdamentes k\u00e1d<\/p>\t\t\t\t\t\t\t\t<\/div>\n\t\t\t\t<\/div>\n\t\t\t\t<div class=\"elementor-element elementor-element-fc30d2b elementor-widget elementor-widget-image\" data-id=\"fc30d2b\" data-element_type=\"widget\" data-widget_type=\"image.default\">\n\t\t\t\t<div class=\"elementor-widget-container\">\n\t\t\t\t\t\t\t\t\t\t\t\t\t\t\t<img decoding=\"async\" width=\"800\" height=\"600\" src=\"https:\/\/www.gapa.cz\/wp-content\/uploads\/2024\/05\/nerezova-vana-1024x768.jpg\" class=\"attachment-large size-large wp-image-2688\" alt=\"\" srcset=\"https:\/\/www.gapa.cz\/wp-content\/uploads\/2024\/05\/nerezova-vana-1024x768.jpg 1024w, https:\/\/www.gapa.cz\/wp-content\/uploads\/2024\/05\/nerezova-vana-300x225.jpg 300w, https:\/\/www.gapa.cz\/wp-content\/uploads\/2024\/05\/nerezova-vana-768x576.jpg 768w, https:\/\/www.gapa.cz\/wp-content\/uploads\/2024\/05\/nerezova-vana-1536x1152.jpg 1536w, https:\/\/www.gapa.cz\/wp-content\/uploads\/2024\/05\/nerezova-vana-16x12.jpg 16w, https:\/\/www.gapa.cz\/wp-content\/uploads\/2024\/05\/nerezova-vana.jpg 2048w\" sizes=\"(max-width: 800px) 100vw, 800px\" \/>\t\t\t\t\t\t\t\t\t\t\t\t\t\t\t<\/div>\n\t\t\t\t<\/div>\n\t\t\t\t<div class=\"elementor-element elementor-element-72b6a83 elementor-widget elementor-widget-text-editor\" data-id=\"72b6a83\" data-element_type=\"widget\" data-widget_type=\"text-editor.default\">\n\t\t\t\t<div class=\"elementor-widget-container\">\n\t\t\t\t\t\t\t\t\t<img decoding=\"async\" src=\"https:\/\/www.gapa.cz\/images\/hu\/DSC_0085.png\" \/>\t\t\t\t\t\t\t\t<\/div>\n\t\t\t\t<\/div>\n\t\t\t\t<\/div>\n\t\t<div class=\"elementor-element elementor-element-91c77fa e-con-full e-flex e-con e-child\" data-id=\"91c77fa\" data-element_type=\"container\">\n\t\t\t\t<div class=\"elementor-element elementor-element-5f8629a elementor-widget elementor-widget-text-editor\" data-id=\"5f8629a\" data-element_type=\"widget\" data-widget_type=\"text-editor.default\">\n\t\t\t\t<div class=\"elementor-widget-container\">\n\t\t\t\t\t\t\t\t\t<table class=\"table-custom table-fixed bordered-table table-left\"><tbody><tr><td><strong>Rozsdamentes ac\u00e9l f\u00fcrd\u0151k\u00e1d:<\/strong><\/td><td>magass\u00e1g 1,5 cm - 3cm<br \/>Maxim\u00e1lis m\u00e9ret 240 \u00d7 140 cm<\/td><\/tr><tr><td><strong>Horganyzott szerkezet:<\/strong><\/td><td>magass\u00e1g 8 cm - 12 cm<br \/>Maxim\u00e1lis m\u00e9ret 240 \u00d7 180 cm<\/td><\/tr><tr><td><strong>T\u00f6mege<\/strong><\/td><td>kb. 20 kg\/m<sup>2<\/sup>, kb. 35 kg\/m szerkezet\u0171<sup>2<\/sup><\/td><\/tr><tr><td><strong>Anyag:<\/strong><\/td><td>Rozsdamentes ac\u00e9l 1.4301<\/td><\/tr><tr><td><strong>kivitel:<\/strong><\/td><td>Option with or without hem<\/td><\/tr><tr><td><strong>lerak\u00e1s:<\/strong><\/td><td>az el\u0151k\u00e9sz\u00edtett ny\u00edl\u00e1sba a padl\u00f3szintre<\/td><\/tr><tr><td><strong>Karbantart\u00e1s:<\/strong><\/td><td>a sz\u0151nyeget vegye ki a rozsdamentes k\u00e1db\u00f3l, \u00e9s a szennyez\u0151d\u00e9seket seperje le, porsz\u00edv\u00f3zza fel vagy mossa ki v\u00edzzel<\/td><\/tr><tr><td><strong>alkalmaz\u00e1s:<\/strong><\/td><td>sz\u00e1llod\u00e1k, bankok, \u00e9ttermek adminisztrat\u00edv \u00e9p\u00fcletek, de ak\u00e1r csal\u00e1di h\u00e1zak bej\u00e1rati ter\u00e9be<\/td><\/tr><\/tbody><\/table>\t\t\t\t\t\t\t\t<\/div>\n\t\t\t\t<\/div>\n\t\t\t\t<div class=\"elementor-element elementor-element-33900c6 elementor-widget elementor-widget-text-editor\" data-id=\"33900c6\" data-element_type=\"widget\" data-widget_type=\"text-editor.default\">\n\t\t\t\t<div class=\"elementor-widget-container\">\n\t\t\t\t\t\t\t\t\t<p><img decoding=\"async\" src=\"https:\/\/www.gapa.cz\/images\/hu\/Rohoze_cistici_zony_3-scaled.jpg\" \/><\/p>\t\t\t\t\t\t\t\t<\/div>\n\t\t\t\t<\/div>\n\t\t\t\t<\/div>\n\t\t\t\t\t<\/div>\n\t\t\t\t<\/div>\n\t\t\t\t\t<\/div>\n\t\t\t\t<\/div>\n\t\t\t\t\t<\/div>\n\t\t\t\t<\/div>\n\t\t<div class=\"elementor-element elementor-element-fb0eaa5 e-flex e-con-boxed elementor-invisible e-con e-parent\" data-id=\"fb0eaa5\" data-element_type=\"container\" data-settings=\"{&quot;animation&quot;:&quot;fadeIn&quot;}\">\n\t\t\t\t\t<div class=\"e-con-inner\">\n\t\t\t\t<div class=\"elementor-element elementor-element-2df0571 elementor-widget elementor-widget-heading\" data-id=\"2df0571\" data-element_type=\"widget\" data-widget_type=\"heading.default\">\n\t\t\t\t<div class=\"elementor-widget-container\">\n\t\t\t\t\t<h2 class=\"elementor-heading-title elementor-size-default\">Let\u00f6lt\u00e9s<\/h2>\t\t\t\t<\/div>\n\t\t\t\t<\/div>\n\t\t\t\t<div class=\"elementor-element elementor-element-a290cee elementor-icon-list--layout-traditional elementor-list-item-link-full_width elementor-widget elementor-widget-icon-list\" data-id=\"a290cee\" data-element_type=\"widget\" data-widget_type=\"icon-list.default\">\n\t\t\t\t<div class=\"elementor-widget-container\">\n\t\t\t\t\t\t\t<ul class=\"elementor-icon-list-items\">\n\t\t\t\t\t\t\t<li class=\"elementor-icon-list-item\">\n\t\t\t\t\t\t\t\t\t\t\t<a href=\"https:\/\/gapa.cz\/wp-content\/uploads\/Certs\/STAVEBNULOEN\/Technicky_list_Rohoze_ulozeni.pdf\" target=\"_blank\">\n\n\t\t\t\t\t\t\t\t\t\t\t\t<span class=\"elementor-icon-list-icon\">\n\t\t\t\t\t\t\t<svg aria-hidden=\"true\" class=\"e-font-icon-svg e-far-file-pdf\" viewbox=\"0 0 384 512\" xmlns=\"http:\/\/www.w3.org\/2000\/svg\"><path d=\"M369.9 97.9L286 14C277 5 264.8-.1 252.1-.1H48C21.5 0 0 21.5 0 48v416c0 26.5 21.5 48 48 48h288c26.5 0 48-21.5 48-48V131.9c0-12.7-5.1-25-14.1-34zM332.1 128H256V51.9l76.1 76.1zM48 464V48h160v104c0 13.3 10.7 24 24 24h104v288H48zm250.2-143.7c-12.2-12-47-8.7-64.4-6.5-17.2-10.5-28.7-25-36.8-46.3 3.9-16.1 10.1-40.6 5.4-56-4.2-26.2-37.8-23.6-42.6-5.9-4.4 16.1-.4 38.5 7 67.1-10 23.9-24.9 56-35.4 74.4-20 10.3-47 26.2-51 46.2-3.3 15.8 26 55.2 76.1-31.2 22.4-7.4 46.8-16.5 68.4-20.1 18.9 10.2 41 17 55.8 17 25.5 0 28-28.2 17.5-38.7zm-198.1 77.8c5.1-13.7 24.5-29.5 30.4-35-19 30.3-30.4 35.7-30.4 35zm81.6-190.6c7.4 0 6.7 32.1 1.8 40.8-4.4-13.9-4.3-40.8-1.8-40.8zm-24.4 136.6c9.7-16.9 18-37 24.7-54.7 8.3 15.1 18.9 27.2 30.1 35.5-20.8 4.3-38.9 13.1-54.8 19.2zm131.6-5s-5 6-37.3-7.8c35.1-2.6 40.9 5.4 37.3 7.8z\"><\/path><\/svg>\t\t\t\t\t\t<\/span>\n\t\t\t\t\t\t\t\t\t\t<span class=\"elementor-icon-list-text\">M\u0171szaki adatlap \u00c9p\u00edt\u00e9si illeszked\u00e9s<\/span>\n\t\t\t\t\t\t\t\t\t\t\t<\/a>\n\t\t\t\t\t\t\t\t\t<\/li>\n\t\t\t\t\t\t<\/ul>\n\t\t\t\t\t\t<\/div>\n\t\t\t\t<\/div>\n\t\t\t\t\t<\/div>\n\t\t\t\t<\/div>\n\t\t\t\t<\/div>","protected":false},"excerpt":{"rendered":"<p>Stavebn\u00ed ulo\u017een\u00ed V\u00fd\u0161kov\u011b staviteln\u00e1 konstrukce roho\u017e \/ pozinkovan\u00fd ro\u0161t \/ v\u00fd\u0161kov\u011b staviteln\u00e1 konstrukce &#8211; pozinkovan\u00e1 Nosn\u00e1 konstrukce roho\u017e \/ nosn\u00e1 konstrukce &#8211; pozinkovan\u00e1 Nerezov\u00e1 vana Nerezov\u00e1 vana je ur\u010dena pro ulo\u017een\u00ed v\u0161ech typ\u016f roho\u017e\u00ed p\u0159ed rodinn\u00e9 domy, administrativn\u00ed budovy, hotely, restaurace, n\u00e1kupn\u00ed centra i mal\u00e9 obchody. Jej\u00edm pou\u017eit\u00edm lze elegantn\u011b zapustit nejen venkovn\u00ed roho\u017ee, kter\u00e9 [&hellip;]<\/p>","protected":false},"author":1,"featured_media":0,"parent":0,"menu_order":0,"comment_status":"closed","ping_status":"closed","template":"","meta":{"inline_featured_image":false,"footnotes":""},"class_list":["post-2682","page","type-page","status-publish","hentry"],"_links":{"self":[{"href":"https:\/\/www.gapa.cz\/hu\/wp-json\/wp\/v2\/pages\/2682","targetHints":{"allow":["GET"]}}],"collection":[{"href":"https:\/\/www.gapa.cz\/hu\/wp-json\/wp\/v2\/pages"}],"about":[{"href":"https:\/\/www.gapa.cz\/hu\/wp-json\/wp\/v2\/types\/page"}],"author":[{"embeddable":true,"href":"https:\/\/www.gapa.cz\/hu\/wp-json\/wp\/v2\/users\/1"}],"replies":[{"embeddable":true,"href":"https:\/\/www.gapa.cz\/hu\/wp-json\/wp\/v2\/comments?post=2682"}],"version-history":[{"count":76,"href":"https:\/\/www.gapa.cz\/hu\/wp-json\/wp\/v2\/pages\/2682\/revisions"}],"predecessor-version":[{"id":10781,"href":"https:\/\/www.gapa.cz\/hu\/wp-json\/wp\/v2\/pages\/2682\/revisions\/10781"}],"wp:attachment":[{"href":"https:\/\/www.gapa.cz\/hu\/wp-json\/wp\/v2\/media?parent=2682"}],"curies":[{"name":"wp","href":"https:\/\/api.w.org\/{rel}","templated":true}]}}