{"id":2502,"date":"2024-05-05T09:01:33","date_gmt":"2024-05-05T07:01:33","guid":{"rendered":"https:\/\/gapa.cz\/?page_id=2502"},"modified":"2025-11-26T07:01:53","modified_gmt":"2025-11-26T06:01:53","slug":"akcni-nabidky","status":"publish","type":"page","link":"https:\/\/www.gapa.cz\/hu\/akcni-nabidky\/","title":{"rendered":"K\u00fcl\u00f6nleges aj\u00e1nlatok"},"content":{"rendered":"<div data-elementor-type=\"wp-page\" data-elementor-id=\"2502\" class=\"elementor elementor-2502\" data-elementor-post-type=\"page\">\n\t\t\t\t<div class=\"elementor-element elementor-element-3236266c e-flex e-con-boxed e-con e-parent\" data-id=\"3236266c\" data-element_type=\"container\" data-settings=\"{&quot;background_background&quot;:&quot;classic&quot;}\">\n\t\t\t\t\t<div class=\"e-con-inner\">\n\t\t\t\t<div class=\"elementor-element elementor-element-5821e6ee elementor-headline--style-highlight elementor-widget elementor-widget-animated-headline\" data-id=\"5821e6ee\" data-element_type=\"widget\" data-settings=\"{&quot;marker&quot;:&quot;underline&quot;,&quot;highlighted_text&quot;:&quot;Ak\\u010dn\\u00ed nab\\u00eddky&quot;,&quot;headline_style&quot;:&quot;highlight&quot;,&quot;highlight_animation_duration&quot;:1200}\" data-widget_type=\"animated-headline.default\">\n\t\t\t\t<div class=\"elementor-widget-container\">\n\t\t\t\t\t\t\t<h1 class=\"elementor-headline\">\n\t\t\t\t<span class=\"elementor-headline-dynamic-wrapper elementor-headline-text-wrapper\">\n\t\t\t\t\t<span class=\"elementor-headline-dynamic-text elementor-headline-text-active\">K\u00fcl\u00f6nleges aj\u00e1nlatok<\/span>\n\t\t\t\t<\/span>\n\t\t\t\t\t<span class=\"elementor-headline-plain-text elementor-headline-text-wrapper\">GAPA<\/span>\n\t\t\t\t\t<\/h1>\n\t\t\t\t\t\t<\/div>\n\t\t\t\t<\/div>\n\t\t\t\t\t<\/div>\n\t\t\t\t<\/div>\n\t\t<div class=\"elementor-element elementor-element-978b786 e-flex e-con-boxed e-con e-parent\" data-id=\"978b786\" data-element_type=\"container\">\n\t\t\t\t\t<div class=\"e-con-inner\">\n\t\t\t\t<div class=\"elementor-element elementor-element-2c23db8 elementor-grid-3 elementor-grid-tablet-2 elementor-grid-mobile-1 elementor-posts--thumbnail-top elementor-card-shadow-yes elementor-posts__hover-gradient elementor-widget elementor-widget-posts\" data-id=\"2c23db8\" data-element_type=\"widget\" data-settings=\"{&quot;cards_row_gap&quot;:{&quot;unit&quot;:&quot;px&quot;,&quot;size&quot;:24,&quot;sizes&quot;:[]},&quot;cards_columns&quot;:&quot;3&quot;,&quot;cards_columns_tablet&quot;:&quot;2&quot;,&quot;cards_columns_mobile&quot;:&quot;1&quot;,&quot;cards_row_gap_tablet&quot;:{&quot;unit&quot;:&quot;px&quot;,&quot;size&quot;:&quot;&quot;,&quot;sizes&quot;:[]},&quot;cards_row_gap_mobile&quot;:{&quot;unit&quot;:&quot;px&quot;,&quot;size&quot;:&quot;&quot;,&quot;sizes&quot;:[]}}\" data-widget_type=\"posts.cards\">\n\t\t\t\t<div class=\"elementor-widget-container\">\n\t\t\t\t\t<style>.elementor-element-2c23db8{display:none !important}<\/style>\t\t\t\t<\/div>\n\t\t\t\t<\/div>\n\t\t\t\t<div class=\"elementor-element elementor-element-ee4417a elementor-grid-3 elementor-grid-tablet-2 elementor-grid-mobile-1 elementor-posts--thumbnail-top elementor-card-shadow-yes elementor-posts__hover-gradient elementor-widget elementor-widget-posts\" data-id=\"ee4417a\" data-element_type=\"widget\" data-settings=\"{&quot;cards_row_gap&quot;:{&quot;unit&quot;:&quot;px&quot;,&quot;size&quot;:24,&quot;sizes&quot;:[]},&quot;cards_columns&quot;:&quot;3&quot;,&quot;cards_columns_tablet&quot;:&quot;2&quot;,&quot;cards_columns_mobile&quot;:&quot;1&quot;,&quot;cards_row_gap_tablet&quot;:{&quot;unit&quot;:&quot;px&quot;,&quot;size&quot;:&quot;&quot;,&quot;sizes&quot;:[]},&quot;cards_row_gap_mobile&quot;:{&quot;unit&quot;:&quot;px&quot;,&quot;size&quot;:&quot;&quot;,&quot;sizes&quot;:[]}}\" data-widget_type=\"posts.cards\">\n\t\t\t\t<div class=\"elementor-widget-container\">\n\t\t\t\t\t\t\t<div class=\"elementor-posts-container elementor-posts elementor-posts--skin-cards elementor-grid\" role=\"list\">\n\t\t\t\t<article class=\"elementor-post elementor-grid-item post-3448 post type-post status-publish format-standard has-post-thumbnail hentry category-akcni-nabidka tag-special-offer tag-akcni-nabidka\" role=\"listitem\">\n\t\t\t<div class=\"elementor-post__card\">\n\t\t\t\t<a class=\"elementor-post__thumbnail__link\" href=\"https:\/\/www.gapa.cz\/hu\/akcni-nabidka\/topwell-17-super-2\/\" tabindex=\"-1\" ><div class=\"elementor-post__thumbnail\"><img fetchpriority=\"high\" decoding=\"async\" width=\"768\" height=\"395\" src=\"https:\/\/www.gapa.cz\/wp-content\/uploads\/2024\/08\/TOPWELL_17_1NL_size3-768x395.jpg\" class=\"attachment-medium_large size-medium_large wp-image-3450\" alt=\"\" srcset=\"https:\/\/www.gapa.cz\/wp-content\/uploads\/2024\/08\/TOPWELL_17_1NL_size3-768x395.jpg 768w, https:\/\/www.gapa.cz\/wp-content\/uploads\/2024\/08\/TOPWELL_17_1NL_size3-300x154.jpg 300w, https:\/\/www.gapa.cz\/wp-content\/uploads\/2024\/08\/TOPWELL_17_1NL_size3-1024x526.jpg 1024w, https:\/\/www.gapa.cz\/wp-content\/uploads\/2024\/08\/TOPWELL_17_1NL_size3-1536x789.jpg 1536w, https:\/\/www.gapa.cz\/wp-content\/uploads\/2024\/08\/TOPWELL_17_1NL_size3-18x9.jpg 18w, https:\/\/www.gapa.cz\/wp-content\/uploads\/2024\/08\/TOPWELL_17_1NL_size3.jpg 1600w\" sizes=\"(max-width: 768px) 100vw, 768px\" \/><\/div><\/a>\n\t\t\t\t<div class=\"elementor-post__text\">\n\t\t\t\t<h2 class=\"elementor-post__title\">\n\t\t\t<a href=\"https:\/\/www.gapa.cz\/hu\/akcni-nabidka\/topwell-17-super-2\/\" >\n\t\t\t\tTopwell 17 Super\t\t\t<\/a>\n\t\t<\/h2>\n\t\t\t\t<div class=\"elementor-post__excerpt\">\n\t\t\t<p>A019-R<br \/>\n60 x 40 cm<\/p>\n<h5 style=\"line-height: 150%;\">80 \u20ac<\/h5>\n\t\t<\/div>\n\t\t\t\t\t<div class=\"elementor-post__read-more-wrapper\">\n\t\t\n\t\t<a class=\"elementor-post__read-more\" href=\"https:\/\/www.gapa.cz\/hu\/akcni-nabidka\/topwell-17-super-2\/\" aria-label=\"Read more about Topwell 17 Super\" tabindex=\"-1\" >\n\t\t\tT\u00f6bbet akarok tudni \u00bb\t\t<\/a>\n\n\t\t\t\t\t<\/div>\n\t\t\t\t<\/div>\n\t\t\t\t\t<\/div>\n\t\t<\/article>\n\t\t\t\t<article class=\"elementor-post elementor-grid-item post-3415 post type-post status-publish format-standard has-post-thumbnail hentry category-akcni-nabidka tag-akcni-nabidka tag-special-offer\" role=\"listitem\">\n\t\t\t<div class=\"elementor-post__card\">\n\t\t\t\t<a class=\"elementor-post__thumbnail__link\" href=\"https:\/\/www.gapa.cz\/hu\/akcni-nabidka\/brushwell-22-mm\/\" tabindex=\"-1\" ><div class=\"elementor-post__thumbnail\"><img decoding=\"async\" width=\"768\" height=\"512\" src=\"https:\/\/www.gapa.cz\/wp-content\/uploads\/2024\/08\/DSC_0151_2_size3-768x512.jpg\" class=\"attachment-medium_large size-medium_large wp-image-3417\" alt=\"\" srcset=\"https:\/\/www.gapa.cz\/wp-content\/uploads\/2024\/08\/DSC_0151_2_size3-768x512.jpg 768w, https:\/\/www.gapa.cz\/wp-content\/uploads\/2024\/08\/DSC_0151_2_size3-300x200.jpg 300w, https:\/\/www.gapa.cz\/wp-content\/uploads\/2024\/08\/DSC_0151_2_size3-1024x683.jpg 1024w, https:\/\/www.gapa.cz\/wp-content\/uploads\/2024\/08\/DSC_0151_2_size3-1536x1024.jpg 1536w, https:\/\/www.gapa.cz\/wp-content\/uploads\/2024\/08\/DSC_0151_2_size3-18x12.jpg 18w, https:\/\/www.gapa.cz\/wp-content\/uploads\/2024\/08\/DSC_0151_2_size3.jpg 1600w\" sizes=\"(max-width: 768px) 100vw, 768px\" \/><\/div><\/a>\n\t\t\t\t<div class=\"elementor-post__text\">\n\t\t\t\t<h2 class=\"elementor-post__title\">\n\t\t\t<a href=\"https:\/\/www.gapa.cz\/hu\/akcni-nabidka\/brushwell-22-mm\/\" >\n\t\t\t\tBrushwell 22 mm\t\t\t<\/a>\n\t\t<\/h2>\n\t\t\t\t<div class=\"elementor-post__excerpt\">\n\t\t\t<p>A007-R<br \/>\n60 x 40 cm<\/p>\n<h5 style=\"line-height: 150%;\">48 \u20ac<\/h5>\n\t\t<\/div>\n\t\t\t\t\t<div class=\"elementor-post__read-more-wrapper\">\n\t\t\n\t\t<a class=\"elementor-post__read-more\" href=\"https:\/\/www.gapa.cz\/hu\/akcni-nabidka\/brushwell-22-mm\/\" aria-label=\"Tov\u00e1bbi inform\u00e1ci\u00f3 Brushwell 22 mm\" tabindex=\"-1\" >\n\t\t\tT\u00f6bbet akarok tudni \u00bb\t\t<\/a>\n\n\t\t\t\t\t<\/div>\n\t\t\t\t<\/div>\n\t\t\t\t\t<\/div>\n\t\t<\/article>\n\t\t\t\t<article class=\"elementor-post elementor-grid-item post-2600 post type-post status-publish format-standard has-post-thumbnail hentry category-akcni-nabidka tag-akcni-nabidka tag-special-offer\" role=\"listitem\">\n\t\t\t<div class=\"elementor-post__card\">\n\t\t\t\t<a class=\"elementor-post__thumbnail__link\" href=\"https:\/\/www.gapa.cz\/hu\/akcni-nabidka\/openwell-22\/\" tabindex=\"-1\" ><div class=\"elementor-post__thumbnail\"><img decoding=\"async\" width=\"768\" height=\"512\" src=\"https:\/\/www.gapa.cz\/wp-content\/uploads\/2024\/05\/DSC_0057_size3-768x512.jpg\" class=\"attachment-medium_large size-medium_large wp-image-2604\" alt=\"\" srcset=\"https:\/\/www.gapa.cz\/wp-content\/uploads\/2024\/05\/DSC_0057_size3-768x512.jpg 768w, https:\/\/www.gapa.cz\/wp-content\/uploads\/2024\/05\/DSC_0057_size3-300x200.jpg 300w, https:\/\/www.gapa.cz\/wp-content\/uploads\/2024\/05\/DSC_0057_size3-1024x683.jpg 1024w, https:\/\/www.gapa.cz\/wp-content\/uploads\/2024\/05\/DSC_0057_size3-1536x1024.jpg 1536w, https:\/\/www.gapa.cz\/wp-content\/uploads\/2024\/05\/DSC_0057_size3-18x12.jpg 18w, https:\/\/www.gapa.cz\/wp-content\/uploads\/2024\/05\/DSC_0057_size3.jpg 1600w\" sizes=\"(max-width: 768px) 100vw, 768px\" \/><\/div><\/a>\n\t\t\t\t<div class=\"elementor-post__text\">\n\t\t\t\t<h2 class=\"elementor-post__title\">\n\t\t\t<a href=\"https:\/\/www.gapa.cz\/hu\/akcni-nabidka\/openwell-22\/\" >\n\t\t\t\tOpenwell 22 mm\t\t\t<\/a>\n\t\t<\/h2>\n\t\t\t\t<div class=\"elementor-post__excerpt\">\n\t\t\t<p>A003-R<br \/>\n60 x 40 cm<\/p>\n<h5 style=\"line-height: 150%;\">36 \u20ac<\/h5>\n\t\t<\/div>\n\t\t\t\t\t<div class=\"elementor-post__read-more-wrapper\">\n\t\t\n\t\t<a class=\"elementor-post__read-more\" href=\"https:\/\/www.gapa.cz\/hu\/akcni-nabidka\/openwell-22\/\" aria-label=\"Tov\u00e1bbi inform\u00e1ci\u00f3 Openwell 22 mm\" tabindex=\"-1\" >\n\t\t\tT\u00f6bbet akarok tudni \u00bb\t\t<\/a>\n\n\t\t\t\t\t<\/div>\n\t\t\t\t<\/div>\n\t\t\t\t\t<\/div>\n\t\t<\/article>\n\t\t\t\t<\/div>\n\t\t\n\t\t\t\t\t\t<\/div>\n\t\t\t\t<\/div>\n\t\t\t\t\t<\/div>\n\t\t\t\t<\/div>\n\t\t\t\t<\/div>","protected":false},"excerpt":{"rendered":"<p>K\u00fcl\u00f6nleges aj\u00e1nlatok GAPA<\/p>","protected":false},"author":1,"featured_media":0,"parent":0,"menu_order":0,"comment_status":"closed","ping_status":"closed","template":"","meta":{"inline_featured_image":false,"footnotes":""},"class_list":["post-2502","page","type-page","status-publish","hentry"],"_links":{"self":[{"href":"https:\/\/www.gapa.cz\/hu\/wp-json\/wp\/v2\/pages\/2502","targetHints":{"allow":["GET"]}}],"collection":[{"href":"https:\/\/www.gapa.cz\/hu\/wp-json\/wp\/v2\/pages"}],"about":[{"href":"https:\/\/www.gapa.cz\/hu\/wp-json\/wp\/v2\/types\/page"}],"author":[{"embeddable":true,"href":"https:\/\/www.gapa.cz\/hu\/wp-json\/wp\/v2\/users\/1"}],"replies":[{"embeddable":true,"href":"https:\/\/www.gapa.cz\/hu\/wp-json\/wp\/v2\/comments?post=2502"}],"version-history":[{"count":45,"href":"https:\/\/www.gapa.cz\/hu\/wp-json\/wp\/v2\/pages\/2502\/revisions"}],"predecessor-version":[{"id":5448,"href":"https:\/\/www.gapa.cz\/hu\/wp-json\/wp\/v2\/pages\/2502\/revisions\/5448"}],"wp:attachment":[{"href":"https:\/\/www.gapa.cz\/hu\/wp-json\/wp\/v2\/media?parent=2502"}],"curies":[{"name":"wp","href":"https:\/\/api.w.org\/{rel}","templated":true}]}}