{"id":1502,"date":"2024-04-23T06:43:03","date_gmt":"2024-04-23T04:43:03","guid":{"rendered":"https:\/\/gapa.cz\/?page_id=1502"},"modified":"2025-08-30T17:37:57","modified_gmt":"2025-08-30T15:37:57","slug":"bazenove-saunove-rohoze","status":"publish","type":"page","link":"https:\/\/www.gapa.cz\/hu\/bazenove-saunove-rohoze\/","title":{"rendered":"Medence \u00e9s szauna sz\u0151nyegek"},"content":{"rendered":"<div data-elementor-type=\"wp-page\" data-elementor-id=\"1502\" class=\"elementor elementor-1502\" data-elementor-post-type=\"page\">\n\t\t\t\t<div class=\"elementor-element elementor-element-3236266c e-flex e-con-boxed e-con e-parent\" data-id=\"3236266c\" data-element_type=\"container\" data-settings=\"{&quot;background_background&quot;:&quot;classic&quot;}\">\n\t\t\t\t\t<div class=\"e-con-inner\">\n\t\t\t\t<div class=\"elementor-element elementor-element-5821e6ee elementor-headline--style-highlight elementor-widget elementor-widget-animated-headline\" data-id=\"5821e6ee\" data-element_type=\"widget\" data-settings=\"{&quot;marker&quot;:&quot;underline&quot;,&quot;highlighted_text&quot;:&quot;Baz\\u00e9nov\\u00e9 a saunov\\u00e9 roho\\u017ee&quot;,&quot;headline_style&quot;:&quot;highlight&quot;,&quot;highlight_animation_duration&quot;:1200}\" data-widget_type=\"animated-headline.default\">\n\t\t\t\t<div class=\"elementor-widget-container\">\n\t\t\t\t\t\t\t<h1 class=\"elementor-headline\">\n\t\t\t\t<span class=\"elementor-headline-dynamic-wrapper elementor-headline-text-wrapper\">\n\t\t\t\t\t<span class=\"elementor-headline-dynamic-text elementor-headline-text-active\">Medence \u00e9s szauna sz\u0151nyegek<\/span>\n\t\t\t\t<\/span>\n\t\t\t\t<\/h1>\n\t\t\t\t\t\t<\/div>\n\t\t\t\t<\/div>\n\t\t\t\t\t<\/div>\n\t\t\t\t<\/div>\n\t\t<div class=\"elementor-element elementor-element-bb13526 e-flex e-con-boxed e-con e-parent\" data-id=\"bb13526\" data-element_type=\"container\">\n\t\t\t\t\t<div class=\"e-con-inner\">\n\t\t\t\t<div class=\"elementor-element elementor-element-f9b7ea6 elementor-widget elementor-widget-text-editor\" data-id=\"f9b7ea6\" data-element_type=\"widget\" data-widget_type=\"text-editor.default\">\n\t\t\t\t<div class=\"elementor-widget-container\">\n\t\t\t\t\t\t\t\t\t<p style=\"text-align: left;\" class=\"translation-block\"><b>Medence \u00e9s szauna sz\u0151nyegek<\/b><span style=\"font-weight: 400\"> biztons\u00e1gos \u00e9s k\u00e9nyelmes k\u00f6zleked\u00e9st biztos\u00edtanak nedves k\u00f6rnyezetben, p\u00e9ld\u00e1ul \u00fasz\u00f3medenc\u00e9k, szaun\u00e1k, zuhanyz\u00f3k \u00e9s \u00f6lt\u00f6z\u0151k ter\u00fclet\u00e9n. Magas min\u0151s\u00e9g\u0171 anyagokb\u00f3l, p\u00e9ld\u00e1ul puha vinilb\u0151l vagy speci\u00e1lis bevonattal ell\u00e1tott polietil\u00e9nb\u0151l k\u00e9sz\u00fclnek. Antibakteri\u00e1lis kezel\u00e9s\u00fck megakad\u00e1lyozza a pen\u00e9sz, gomb\u00e1k \u00e9s kellemetlen szagot okoz\u00f3 bakt\u00e9riumok elszaporod\u00e1s\u00e1t, mik\u00f6zben ellen\u00e1llnak a legt\u00f6bb ismert vegyi anyagnak is. K\u00fcl\u00f6nleges fel\u00fcleti kialak\u00edt\u00e1suk azonnali v\u00edzelvezet\u00e9st biztos\u00edt, cs\u00f6kkentve a megcs\u00fasz\u00e1s kock\u00e1zat\u00e1t. Sz\u0151nyegeink k\u00fcl\u00f6nb\u00f6z\u0151 magass\u00e1gokban, text\u00far\u00e1kban \u00e9s sz\u00ednekben \u00e9rhet\u0151k el, \u00edgy b\u00e1rmilyen k\u00f6rnyezetbe k\u00f6nnyen illeszkednek, \u00e9s egyszerre felelnek meg funkcion\u00e1lis \u00e9s eszt\u00e9tikai k\u00f6vetelm\u00e9nyeknek.<\/span><\/p>\t\t\t\t\t\t\t\t<\/div>\n\t\t\t\t<\/div>\n\t\t\t\t\t<\/div>\n\t\t\t\t<\/div>\n\t\t<div class=\"elementor-element elementor-element-978b786 e-flex e-con-boxed e-con e-parent\" data-id=\"978b786\" data-element_type=\"container\">\n\t\t\t\t\t<div class=\"e-con-inner\">\n\t\t\t\t<div class=\"elementor-element elementor-element-2c23db8 elementor-grid-3 elementor-grid-tablet-2 elementor-grid-mobile-1 elementor-posts--thumbnail-top elementor-card-shadow-yes elementor-posts__hover-gradient elementor-widget elementor-widget-posts\" data-id=\"2c23db8\" data-element_type=\"widget\" data-settings=\"{&quot;cards_row_gap&quot;:{&quot;unit&quot;:&quot;px&quot;,&quot;size&quot;:24,&quot;sizes&quot;:[]},&quot;cards_columns&quot;:&quot;3&quot;,&quot;cards_columns_tablet&quot;:&quot;2&quot;,&quot;cards_columns_mobile&quot;:&quot;1&quot;,&quot;cards_row_gap_tablet&quot;:{&quot;unit&quot;:&quot;px&quot;,&quot;size&quot;:&quot;&quot;,&quot;sizes&quot;:[]},&quot;cards_row_gap_mobile&quot;:{&quot;unit&quot;:&quot;px&quot;,&quot;size&quot;:&quot;&quot;,&quot;sizes&quot;:[]}}\" data-widget_type=\"posts.cards\">\n\t\t\t\t<div class=\"elementor-widget-container\">\n\t\t\t\t\t\t\t<div class=\"elementor-posts-container elementor-posts elementor-posts--skin-cards elementor-grid\" role=\"list\">\n\t\t\t\t<article class=\"elementor-post elementor-grid-item post-2389 post type-post status-publish format-standard has-post-thumbnail hentry category-bazenove-rohoze tag-bazenove-rohoze\" role=\"listitem\">\n\t\t\t<div class=\"elementor-post__card\">\n\t\t\t\t<a class=\"elementor-post__thumbnail__link\" href=\"https:\/\/www.gapa.cz\/hu\/bazenove-rohoze\/starwell\/\" tabindex=\"-1\" ><div class=\"elementor-post__thumbnail\"><img fetchpriority=\"high\" decoding=\"async\" width=\"768\" height=\"576\" src=\"https:\/\/www.gapa.cz\/wp-content\/uploads\/2024\/04\/DSC_1363_4_3_size3-768x576.jpg\" class=\"attachment-medium_large size-medium_large wp-image-2390\" alt=\"\" srcset=\"https:\/\/www.gapa.cz\/wp-content\/uploads\/2024\/04\/DSC_1363_4_3_size3-768x576.jpg 768w, https:\/\/www.gapa.cz\/wp-content\/uploads\/2024\/04\/DSC_1363_4_3_size3-300x225.jpg 300w, https:\/\/www.gapa.cz\/wp-content\/uploads\/2024\/04\/DSC_1363_4_3_size3-1024x768.jpg 1024w, https:\/\/www.gapa.cz\/wp-content\/uploads\/2024\/04\/DSC_1363_4_3_size3-1536x1152.jpg 1536w, https:\/\/www.gapa.cz\/wp-content\/uploads\/2024\/04\/DSC_1363_4_3_size3-16x12.jpg 16w, https:\/\/www.gapa.cz\/wp-content\/uploads\/2024\/04\/DSC_1363_4_3_size3.jpg 1600w\" sizes=\"(max-width: 768px) 100vw, 768px\" \/><\/div><\/a>\n\t\t\t\t<div class=\"elementor-post__text\">\n\t\t\t\t<h2 class=\"elementor-post__title\">\n\t\t\t<a href=\"https:\/\/www.gapa.cz\/hu\/bazenove-rohoze\/starwell\/\" >\n\t\t\t\tStarwell\t\t\t<\/a>\n\t\t<\/h2>\n\t\t\t\t<div class=\"elementor-post__excerpt\">\n\t\t\t<p>Medence sz\u0151nyeg cs\u00fasz\u00e1sg\u00e1tl\u00f3 PVC szalagokkal. Vastags\u00e1ga 16 mm.<\/p>\n\t\t<\/div>\n\t\t\t\t\t<div class=\"elementor-post__read-more-wrapper\">\n\t\t\n\t\t<a class=\"elementor-post__read-more\" href=\"https:\/\/www.gapa.cz\/hu\/bazenove-rohoze\/starwell\/\" aria-label=\"Tov\u00e1bbi inform\u00e1ci\u00f3 a Starwellr\u0151l\" tabindex=\"-1\" >\n\t\t\tT\u00f6bbet akarok tudni \u00bb\t\t<\/a>\n\n\t\t\t\t\t<\/div>\n\t\t\t\t<\/div>\n\t\t\t\t\t<\/div>\n\t\t<\/article>\n\t\t\t\t<article class=\"elementor-post elementor-grid-item post-2378 post type-post status-publish format-standard has-post-thumbnail hentry category-bazenove-rohoze tag-bazenove-rohoze\" role=\"listitem\">\n\t\t\t<div class=\"elementor-post__card\">\n\t\t\t\t<a class=\"elementor-post__thumbnail__link\" href=\"https:\/\/www.gapa.cz\/hu\/bazenove-rohoze\/lagune\/\" tabindex=\"-1\" ><div class=\"elementor-post__thumbnail\"><img decoding=\"async\" width=\"768\" height=\"615\" src=\"https:\/\/www.gapa.cz\/wp-content\/uploads\/2025\/03\/lagune_tmave_modra2-768x615.jpg\" class=\"attachment-medium_large size-medium_large wp-image-7869\" alt=\"\" srcset=\"https:\/\/www.gapa.cz\/wp-content\/uploads\/2025\/03\/lagune_tmave_modra2-768x615.jpg 768w, https:\/\/www.gapa.cz\/wp-content\/uploads\/2025\/03\/lagune_tmave_modra2-300x240.jpg 300w, https:\/\/www.gapa.cz\/wp-content\/uploads\/2025\/03\/lagune_tmave_modra2-1024x819.jpg 1024w, https:\/\/www.gapa.cz\/wp-content\/uploads\/2025\/03\/lagune_tmave_modra2-1536x1229.jpg 1536w, https:\/\/www.gapa.cz\/wp-content\/uploads\/2025\/03\/lagune_tmave_modra2-2048x1639.jpg 2048w, https:\/\/www.gapa.cz\/wp-content\/uploads\/2025\/03\/lagune_tmave_modra2-15x12.jpg 15w\" sizes=\"(max-width: 768px) 100vw, 768px\" \/><\/div><\/a>\n\t\t\t\t<div class=\"elementor-post__text\">\n\t\t\t\t<h2 class=\"elementor-post__title\">\n\t\t\t<a href=\"https:\/\/www.gapa.cz\/hu\/bazenove-rohoze\/lagune\/\" >\n\t\t\t\tLagune\t\t\t<\/a>\n\t\t<\/h2>\n\t\t\t\t<div class=\"elementor-post__excerpt\">\n\t\t\t<p>Medence sz\u0151nyeg l\u00e1gy vinilb\u0151l, magass\u00e1ga 9 mm.<\/p>\n\t\t<\/div>\n\t\t\t\t\t<div class=\"elementor-post__read-more-wrapper\">\n\t\t\n\t\t<a class=\"elementor-post__read-more\" href=\"https:\/\/www.gapa.cz\/hu\/bazenove-rohoze\/lagune\/\" aria-label=\"Tov\u00e1bbi inform\u00e1ci\u00f3 Lagune\" tabindex=\"-1\" >\n\t\t\tT\u00f6bbet akarok tudni \u00bb\t\t<\/a>\n\n\t\t\t\t\t<\/div>\n\t\t\t\t<\/div>\n\t\t\t\t\t<\/div>\n\t\t<\/article>\n\t\t\t\t<article class=\"elementor-post elementor-grid-item post-2366 post type-post status-publish format-standard has-post-thumbnail hentry category-bazenove-rohoze tag-bazenove-rohoze\" role=\"listitem\">\n\t\t\t<div class=\"elementor-post__card\">\n\t\t\t\t<a class=\"elementor-post__thumbnail__link\" href=\"https:\/\/www.gapa.cz\/hu\/bazenove-rohoze\/soft-step\/\" tabindex=\"-1\" ><div class=\"elementor-post__thumbnail\"><img decoding=\"async\" width=\"768\" height=\"576\" src=\"https:\/\/www.gapa.cz\/wp-content\/uploads\/2024\/04\/DSC_1052_zmen_4_3_size3-768x576.jpg\" class=\"attachment-medium_large size-medium_large wp-image-2371\" alt=\"\" srcset=\"https:\/\/www.gapa.cz\/wp-content\/uploads\/2024\/04\/DSC_1052_zmen_4_3_size3-768x576.jpg 768w, https:\/\/www.gapa.cz\/wp-content\/uploads\/2024\/04\/DSC_1052_zmen_4_3_size3-300x225.jpg 300w, https:\/\/www.gapa.cz\/wp-content\/uploads\/2024\/04\/DSC_1052_zmen_4_3_size3-1024x768.jpg 1024w, https:\/\/www.gapa.cz\/wp-content\/uploads\/2024\/04\/DSC_1052_zmen_4_3_size3-1536x1152.jpg 1536w, https:\/\/www.gapa.cz\/wp-content\/uploads\/2024\/04\/DSC_1052_zmen_4_3_size3-16x12.jpg 16w, https:\/\/www.gapa.cz\/wp-content\/uploads\/2024\/04\/DSC_1052_zmen_4_3_size3.jpg 1600w\" sizes=\"(max-width: 768px) 100vw, 768px\" \/><\/div><\/a>\n\t\t\t\t<div class=\"elementor-post__text\">\n\t\t\t\t<h2 class=\"elementor-post__title\">\n\t\t\t<a href=\"https:\/\/www.gapa.cz\/hu\/bazenove-rohoze\/soft-step\/\" >\n\t\t\t\tSoft step\t\t\t<\/a>\n\t\t<\/h2>\n\t\t\t\t<div class=\"elementor-post__excerpt\">\n\t\t\t<p>Fel\u00fcleti impregn\u00e1l\u00e1s\u00fa polietil\u00e9n uszodai sz\u0151nyeg, magass\u00e1ga 9 mm.<\/p>\n\t\t<\/div>\n\t\t\t\t\t<div class=\"elementor-post__read-more-wrapper\">\n\t\t\n\t\t<a class=\"elementor-post__read-more\" href=\"https:\/\/www.gapa.cz\/hu\/bazenove-rohoze\/soft-step\/\" aria-label=\"B\u0151vebben a Soft stepr\u0151l\" tabindex=\"-1\" >\n\t\t\tT\u00f6bbet akarok tudni \u00bb\t\t<\/a>\n\n\t\t\t\t\t<\/div>\n\t\t\t\t<\/div>\n\t\t\t\t\t<\/div>\n\t\t<\/article>\n\t\t\t\t<article class=\"elementor-post elementor-grid-item post-2401 post type-post status-publish format-standard has-post-thumbnail hentry category-bazenove-rohoze tag-bazenove-rohoze\" role=\"listitem\">\n\t\t\t<div class=\"elementor-post__card\">\n\t\t\t\t<a class=\"elementor-post__thumbnail__link\" href=\"https:\/\/www.gapa.cz\/hu\/bazenove-rohoze\/aquawell\/\" tabindex=\"-1\" ><div class=\"elementor-post__thumbnail\"><img loading=\"lazy\" decoding=\"async\" width=\"768\" height=\"432\" src=\"https:\/\/www.gapa.cz\/wp-content\/uploads\/2025\/05\/aquawell_pastelova_bila_detail_small-768x432.jpg\" class=\"attachment-medium_large size-medium_large wp-image-8202\" alt=\"\" srcset=\"https:\/\/www.gapa.cz\/wp-content\/uploads\/2025\/05\/aquawell_pastelova_bila_detail_small-768x432.jpg 768w, https:\/\/www.gapa.cz\/wp-content\/uploads\/2025\/05\/aquawell_pastelova_bila_detail_small-300x169.jpg 300w, https:\/\/www.gapa.cz\/wp-content\/uploads\/2025\/05\/aquawell_pastelova_bila_detail_small-1024x576.jpg 1024w, https:\/\/www.gapa.cz\/wp-content\/uploads\/2025\/05\/aquawell_pastelova_bila_detail_small-1536x864.jpg 1536w, https:\/\/www.gapa.cz\/wp-content\/uploads\/2025\/05\/aquawell_pastelova_bila_detail_small-2048x1152.jpg 2048w, https:\/\/www.gapa.cz\/wp-content\/uploads\/2025\/05\/aquawell_pastelova_bila_detail_small-18x10.jpg 18w\" sizes=\"(max-width: 768px) 100vw, 768px\" \/><\/div><\/a>\n\t\t\t\t<div class=\"elementor-post__text\">\n\t\t\t\t<h2 class=\"elementor-post__title\">\n\t\t\t<a href=\"https:\/\/www.gapa.cz\/hu\/bazenove-rohoze\/aquawell\/\" >\n\t\t\t\tAquawell\t\t\t<\/a>\n\t\t<\/h2>\n\t\t\t\t<div class=\"elementor-post__excerpt\">\n\t\t\t<p>F\u00fcrd\u0151szoba sz\u0151nyegek tapad\u00f3korongokkal az als\u00f3 oldal\u00e1n elcs\u00fasz\u00e1s ellen.<\/p>\n\t\t<\/div>\n\t\t\t\t\t<div class=\"elementor-post__read-more-wrapper\">\n\t\t\n\t\t<a class=\"elementor-post__read-more\" href=\"https:\/\/www.gapa.cz\/hu\/bazenove-rohoze\/aquawell\/\" aria-label=\"Tov\u00e1bbi inform\u00e1ci\u00f3 az Aquawellr\u0151l\" tabindex=\"-1\" >\n\t\t\tT\u00f6bbet akarok tudni \u00bb\t\t<\/a>\n\n\t\t\t\t\t<\/div>\n\t\t\t\t<\/div>\n\t\t\t\t\t<\/div>\n\t\t<\/article>\n\t\t\t\t<\/div>\n\t\t\n\t\t\t\t\t\t<\/div>\n\t\t\t\t<\/div>\n\t\t\t\t\t<\/div>\n\t\t\t\t<\/div>\n\t\t\t\t<\/div>","protected":false},"excerpt":{"rendered":"<p>Baz\u00e9nov\u00e9 a saunov\u00e9 roho\u017ee Na\u0161e baz\u00e9nov\u00e9 a saunov\u00e9 roho\u017ee jsou navr\u017eeny pro bezpe\u010dn\u00fd a pohodln\u00fd pohyb ve vlhk\u00fdch prostor\u00e1ch, jako jsou baz\u00e9ny, sauny, sprchy \u010di \u0161atny. Jsou vyrobeny z kvalitn\u00edch materi\u00e1l\u016f, nap\u0159\u00edklad m\u011bkk\u00e9ho vinylu nebo polyethylenu s povrchovou impregnac\u00ed. Antimikrobi\u00e1ln\u00ed \u00faprava zabra\u0148uje r\u016fstu pl\u00edsn\u00ed, hub a bakteri\u00ed zp\u016fsobuj\u00edc\u00edch z\u00e1pach, roho\u017ee jsou tak\u00e9 odoln\u00e9 v\u016f\u010di v\u011bt\u0161in\u011b [&hellip;]<\/p>","protected":false},"author":1,"featured_media":0,"parent":0,"menu_order":0,"comment_status":"closed","ping_status":"closed","template":"","meta":{"inline_featured_image":false,"footnotes":""},"class_list":["post-1502","page","type-page","status-publish","hentry"],"_links":{"self":[{"href":"https:\/\/www.gapa.cz\/hu\/wp-json\/wp\/v2\/pages\/1502","targetHints":{"allow":["GET"]}}],"collection":[{"href":"https:\/\/www.gapa.cz\/hu\/wp-json\/wp\/v2\/pages"}],"about":[{"href":"https:\/\/www.gapa.cz\/hu\/wp-json\/wp\/v2\/types\/page"}],"author":[{"embeddable":true,"href":"https:\/\/www.gapa.cz\/hu\/wp-json\/wp\/v2\/users\/1"}],"replies":[{"embeddable":true,"href":"https:\/\/www.gapa.cz\/hu\/wp-json\/wp\/v2\/comments?post=1502"}],"version-history":[{"count":44,"href":"https:\/\/www.gapa.cz\/hu\/wp-json\/wp\/v2\/pages\/1502\/revisions"}],"predecessor-version":[{"id":7816,"href":"https:\/\/www.gapa.cz\/hu\/wp-json\/wp\/v2\/pages\/1502\/revisions\/7816"}],"wp:attachment":[{"href":"https:\/\/www.gapa.cz\/hu\/wp-json\/wp\/v2\/media?parent=1502"}],"curies":[{"name":"wp","href":"https:\/\/api.w.org\/{rel}","templated":true}]}}